{"id":242,"date":"2020-07-16T09:44:31","date_gmt":"2020-07-16T07:44:31","guid":{"rendered":"https:\/\/value.invalsi.it\/portale\/?page_id=242"},"modified":"2024-04-03T09:56:20","modified_gmt":"2024-04-03T07:56:20","slug":"valu-elearn","status":"publish","type":"page","link":"https:\/\/value.invalsi.it\/portale\/strumenti\/valu-elearn\/","title":{"rendered":"Valu.Elearn"},"content":{"rendered":"\r\n<p>L\u2019ambiente di apprendimento a distanza <em>Valu.Elearn<\/em> ha l\u2019obiettivo di fornire le conoscenze strategiche e gli strumenti metodologici pi\u00f9 rilevanti per valutare il funzionamento dei processi formativi e organizzativi nelle scuole. I corsi di formazione sono rivolti a professionisti adulti interessati ad approfondire i temi inerenti l\u2019innovazione e la valutazione delle scuole e per le scuole: insegnanti, dirigenti scolastici, esperti di valutazione delle organizzazioni e delle scuole.<\/p>\r\n\r\n\r\n\r\n<h2 class=\"wp-block-heading\">Moduli e unit\u00e0 didattiche<\/h2>\r\n\r\n\r\n\r\n<p>Il programma formativo a distanza prevede un\u2019offerta suddivisa in\u00a0cinque moduli, ciascuno dei quali consente di approfondire un ricco ventaglio di argomenti. I moduli, anche se legati tra loro, sono fruibili in modo indipendente.<\/p>\r\n\r\n\r\n\r\n<ol start=\"1\">\r\n<li><a href=\"https:\/\/value.invalsi.it\/elearn\/pluginfile.php\/9901\/course\/summary\/ponvalue_scheda_M01_2023.pdf\" target=\"_blank\" rel=\"noreferrer noopener\" aria-label=\" (apre in una nuova scheda)\">Valutazione e auto-valutazione Finalit\u00e0, aspetti metodologici e strategie<\/a><\/li>\r\n<li><a href=\"https:\/\/value.invalsi.it\/elearn\/pluginfile.php\/10020\/course\/summary\/ponvalue_scheda_M02_2023.pdf\" target=\"_blank\" rel=\"noreferrer noopener\" aria-label=\" (apre in una nuova scheda)\">Esaminare e valutare come funzionano le scuole<\/a><\/li>\r\n<li><a href=\"https:\/\/value.invalsi.it\/elearn\/pluginfile.php\/9775\/course\/summary\/ponvalue_scheda_M03_2023.pdf\" target=\"_blank\" rel=\"noreferrer noopener\" aria-label=\" (apre in una nuova scheda)\">Metodologia e tecniche della ricerca sociale e valutativa a uso delle scuole<\/a><\/li>\r\n<li><a href=\"https:\/\/value.invalsi.it\/elearn\/pluginfile.php\/10142\/course\/summary\/ponvalue_scheda_M04_2023.pdf\" target=\"_blank\" rel=\"noreferrer noopener\" aria-label=\" (apre in una nuova scheda)\">Comunicare e gestire le relazioni nel processo valutativo<\/a><\/li>\r\n<li><a href=\"https:\/\/value.invalsi.it\/elearn\/pluginfile.php\/10208\/course\/summary\/ponvalue_scheda_M05_2023.pdf\" target=\"_blank\" rel=\"noreferrer noopener\" aria-label=\" (apre in una nuova scheda)\">Organizzare la valutazione a scuola<\/a><\/li>\r\n<\/ol>\r\n\r\n\r\n\r\n<p>La qualit\u00e0 dei contenuti formativi erogati \u00e8 stata supervisionata da un <a href=\"https:\/\/value.invalsi.it\/portale\/strumenti-valu-elearn-comitato-tecnico-scientifico\/\">Comitato tecnico-scientifico<\/a> pluridisciplinare di esperti, nominato dal Direttore Generale INVALSI. Per ogni modulo sono presenti 10 unit\u00e0 didattiche, strutturate in:<\/p>\r\n\r\n\r\n\r\n<ul>\r\n<li>un pacchetto di brevi video lezioni tenute da docenti universitari;<\/li>\r\n<li>materiali di studio e approfondimento;<\/li>\r\n<li>un test di autovalutazione per verificare di avere acquisito i contenuti proposti.<\/li>\r\n<\/ul>\r\n<p>I corsi attualmente disponibili hanno una durata di 20 ore ciascuno e sono fruibili autonomamente, poich\u00e9 interamente in modalit\u00e0 asincrona. A conclusione delle attivit\u00e0 previste viene rilasciato dal sistema un attestato di partecipazione.<\/p>\r\n<p>I corsi 2024 rappresentano un riadattamento dei corsi erogati nel biennio 2021-23, che hanno visto la partecipazione di circa 800 persone tra insegnanti e dirigenti scolastici. I corsi precedenti avevano una durata di circa 60 ore e prevedevano anche lo svolgimento di esercitazioni legate a casi e situazioni concrete, da svolgere individualmente o in collaborazione con altri corsisti, con il supporto di tutor on line, nonch\u00e9 la stesura di riflessioni finali per la rielaborazione dei punti principali affrontati.<\/p>\r\n<p>Nella nuova versione i corsi sono stati alleggeriti, per permettere la fruizione in modo autonomo e secondo le proprie tempistiche al personale scolastico interessato.<\/p>\r\n","protected":false},"excerpt":{"rendered":"<p>L\u2019ambiente di apprendimento a distanza Valu.Elearn ha l\u2019obiettivo di<\/p>\n","protected":false},"author":1,"featured_media":2630,"parent":247,"menu_order":0,"comment_status":"closed","ping_status":"closed","template":"page-templates\/fullwidthpage.php","meta":{"_relevanssi_hide_post":"","_relevanssi_pin_for_all":"","_relevanssi_pin_keywords":"","_relevanssi_unpin_keywords":"","_relevanssi_related_keywords":"","_relevanssi_related_include_ids":"","_relevanssi_related_exclude_ids":"","_relevanssi_related_no_append":"","_relevanssi_related_not_related":"","_relevanssi_related_posts":"","_relevanssi_noindex_reason":"","footnotes":""},"coauthors":[36],"yoast_head":"<!-- This site is optimized with the Yoast SEO plugin v21.5 - https:\/\/yoast.com\/wordpress\/plugins\/seo\/ -->\n<title>Valu.Elearn - Valu.E Gate<\/title>\n<meta name=\"robots\" content=\"index, follow, max-snippet:-1, max-image-preview:large, max-video-preview:-1\" \/>\n<link rel=\"canonical\" href=\"https:\/\/value.invalsi.it\/portale\/strumenti\/valu-elearn\/\" \/>\n<meta property=\"og:locale\" content=\"it_IT\" \/>\n<meta property=\"og:type\" content=\"article\" \/>\n<meta property=\"og:title\" content=\"Valu.Elearn - Valu.E Gate\" \/>\n<meta property=\"og:description\" content=\"L\u2019ambiente di apprendimento a distanza Valu.Elearn ha l\u2019obiettivo di\" \/>\n<meta property=\"og:url\" content=\"https:\/\/value.invalsi.it\/portale\/strumenti\/valu-elearn\/\" \/>\n<meta property=\"og:site_name\" content=\"Valu.E Gate\" \/>\n<meta property=\"article:modified_time\" content=\"2024-04-03T07:56:20+00:00\" \/>\n<meta name=\"twitter:card\" content=\"summary_large_image\" \/>\n<meta name=\"twitter:label1\" content=\"Tempo di lettura stimato\" \/>\n\t<meta name=\"twitter:data1\" content=\"2 minuti\" \/>\n\t<meta name=\"twitter:label2\" content=\"Written by\" \/>\n\t<meta name=\"twitter:data2\" content=\"admin\" \/>\n<script type=\"application\/ld+json\" class=\"yoast-schema-graph\">{\"@context\":\"https:\/\/schema.org\",\"@graph\":[{\"@type\":\"WebPage\",\"@id\":\"https:\/\/value.invalsi.it\/portale\/strumenti\/valu-elearn\/\",\"url\":\"https:\/\/value.invalsi.it\/portale\/strumenti\/valu-elearn\/\",\"name\":\"Valu.Elearn - Valu.E Gate\",\"isPartOf\":{\"@id\":\"https:\/\/value.invalsi.it\/portale\/#website\"},\"datePublished\":\"2020-07-16T07:44:31+00:00\",\"dateModified\":\"2024-04-03T07:56:20+00:00\",\"breadcrumb\":{\"@id\":\"https:\/\/value.invalsi.it\/portale\/strumenti\/valu-elearn\/#breadcrumb\"},\"inLanguage\":\"it-IT\",\"potentialAction\":[{\"@type\":\"ReadAction\",\"target\":[\"https:\/\/value.invalsi.it\/portale\/strumenti\/valu-elearn\/\"]}]},{\"@type\":\"BreadcrumbList\",\"@id\":\"https:\/\/value.invalsi.it\/portale\/strumenti\/valu-elearn\/#breadcrumb\",\"itemListElement\":[{\"@type\":\"ListItem\",\"position\":1,\"name\":\"Strumenti\",\"item\":\"https:\/\/value.invalsi.it\/portale\/strumenti\/\"},{\"@type\":\"ListItem\",\"position\":2,\"name\":\"Valu.Elearn\"}]},{\"@type\":\"WebSite\",\"@id\":\"https:\/\/value.invalsi.it\/portale\/#website\",\"url\":\"https:\/\/value.invalsi.it\/portale\/\",\"name\":\"Valu.E Gate\",\"description\":\"Percorsi valutativi per la scuola\",\"publisher\":{\"@id\":\"https:\/\/value.invalsi.it\/portale\/#organization\"},\"potentialAction\":[{\"@type\":\"SearchAction\",\"target\":{\"@type\":\"EntryPoint\",\"urlTemplate\":\"https:\/\/value.invalsi.it\/portale\/?s={search_term_string}\"},\"query-input\":\"required name=search_term_string\"}],\"inLanguage\":\"it-IT\"},{\"@type\":\"Organization\",\"@id\":\"https:\/\/value.invalsi.it\/portale\/#organization\",\"name\":\"Valu.E Gate\",\"url\":\"https:\/\/value.invalsi.it\/portale\/\",\"logo\":{\"@type\":\"ImageObject\",\"inLanguage\":\"it-IT\",\"@id\":\"https:\/\/value.invalsi.it\/portale\/#\/schema\/logo\/image\/\",\"url\":\"https:\/\/value.invalsi.it\/portale\/wp-content\/uploads\/2020\/10\/logo-valuegate-1.png\",\"contentUrl\":\"https:\/\/value.invalsi.it\/portale\/wp-content\/uploads\/2020\/10\/logo-valuegate-1.png\",\"width\":234,\"height\":80,\"caption\":\"Valu.E Gate\"},\"image\":{\"@id\":\"https:\/\/value.invalsi.it\/portale\/#\/schema\/logo\/image\/\"}}]}<\/script>\n<!-- \/ Yoast SEO plugin. -->","yoast_head_json":{"title":"Valu.Elearn - Valu.E Gate","robots":{"index":"index","follow":"follow","max-snippet":"max-snippet:-1","max-image-preview":"max-image-preview:large","max-video-preview":"max-video-preview:-1"},"canonical":"https:\/\/value.invalsi.it\/portale\/strumenti\/valu-elearn\/","og_locale":"it_IT","og_type":"article","og_title":"Valu.Elearn - Valu.E Gate","og_description":"L\u2019ambiente di apprendimento a distanza Valu.Elearn ha l\u2019obiettivo di","og_url":"https:\/\/value.invalsi.it\/portale\/strumenti\/valu-elearn\/","og_site_name":"Valu.E Gate","article_modified_time":"2024-04-03T07:56:20+00:00","twitter_card":"summary_large_image","twitter_misc":{"Tempo di lettura stimato":"2 minuti","Written by":"admin"},"schema":{"@context":"https:\/\/schema.org","@graph":[{"@type":"WebPage","@id":"https:\/\/value.invalsi.it\/portale\/strumenti\/valu-elearn\/","url":"https:\/\/value.invalsi.it\/portale\/strumenti\/valu-elearn\/","name":"Valu.Elearn - Valu.E Gate","isPartOf":{"@id":"https:\/\/value.invalsi.it\/portale\/#website"},"datePublished":"2020-07-16T07:44:31+00:00","dateModified":"2024-04-03T07:56:20+00:00","breadcrumb":{"@id":"https:\/\/value.invalsi.it\/portale\/strumenti\/valu-elearn\/#breadcrumb"},"inLanguage":"it-IT","potentialAction":[{"@type":"ReadAction","target":["https:\/\/value.invalsi.it\/portale\/strumenti\/valu-elearn\/"]}]},{"@type":"BreadcrumbList","@id":"https:\/\/value.invalsi.it\/portale\/strumenti\/valu-elearn\/#breadcrumb","itemListElement":[{"@type":"ListItem","position":1,"name":"Strumenti","item":"https:\/\/value.invalsi.it\/portale\/strumenti\/"},{"@type":"ListItem","position":2,"name":"Valu.Elearn"}]},{"@type":"WebSite","@id":"https:\/\/value.invalsi.it\/portale\/#website","url":"https:\/\/value.invalsi.it\/portale\/","name":"Valu.E Gate","description":"Percorsi valutativi per la scuola","publisher":{"@id":"https:\/\/value.invalsi.it\/portale\/#organization"},"potentialAction":[{"@type":"SearchAction","target":{"@type":"EntryPoint","urlTemplate":"https:\/\/value.invalsi.it\/portale\/?s={search_term_string}"},"query-input":"required name=search_term_string"}],"inLanguage":"it-IT"},{"@type":"Organization","@id":"https:\/\/value.invalsi.it\/portale\/#organization","name":"Valu.E Gate","url":"https:\/\/value.invalsi.it\/portale\/","logo":{"@type":"ImageObject","inLanguage":"it-IT","@id":"https:\/\/value.invalsi.it\/portale\/#\/schema\/logo\/image\/","url":"https:\/\/value.invalsi.it\/portale\/wp-content\/uploads\/2020\/10\/logo-valuegate-1.png","contentUrl":"https:\/\/value.invalsi.it\/portale\/wp-content\/uploads\/2020\/10\/logo-valuegate-1.png","width":234,"height":80,"caption":"Valu.E Gate"},"image":{"@id":"https:\/\/value.invalsi.it\/portale\/#\/schema\/logo\/image\/"}}]}},"_links":{"self":[{"href":"https:\/\/value.invalsi.it\/portale\/wp-json\/wp\/v2\/pages\/242"}],"collection":[{"href":"https:\/\/value.invalsi.it\/portale\/wp-json\/wp\/v2\/pages"}],"about":[{"href":"https:\/\/value.invalsi.it\/portale\/wp-json\/wp\/v2\/types\/page"}],"author":[{"embeddable":true,"href":"https:\/\/value.invalsi.it\/portale\/wp-json\/wp\/v2\/users\/1"}],"replies":[{"embeddable":true,"href":"https:\/\/value.invalsi.it\/portale\/wp-json\/wp\/v2\/comments?post=242"}],"version-history":[{"count":19,"href":"https:\/\/value.invalsi.it\/portale\/wp-json\/wp\/v2\/pages\/242\/revisions"}],"predecessor-version":[{"id":2945,"href":"https:\/\/value.invalsi.it\/portale\/wp-json\/wp\/v2\/pages\/242\/revisions\/2945"}],"up":[{"embeddable":true,"href":"https:\/\/value.invalsi.it\/portale\/wp-json\/wp\/v2\/pages\/247"}],"wp:featuredmedia":[{"embeddable":true,"href":"https:\/\/value.invalsi.it\/portale\/wp-json\/"}],"wp:attachment":[{"href":"https:\/\/value.invalsi.it\/portale\/wp-json\/wp\/v2\/media?parent=242"}],"wp:term":[{"taxonomy":"author","embeddable":true,"href":"https:\/\/value.invalsi.it\/portale\/wp-json\/wp\/v2\/coauthors?post=242"}],"curies":[{"name":"wp","href":"https:\/\/api.w.org\/{rel}","templated":true}]}}